{"id":20727,"date":"2026-03-30T12:05:38","date_gmt":"2026-03-30T10:05:38","guid":{"rendered":"https:\/\/www.dezaanseschans.nl\/?page_id=20727"},"modified":"2026-04-02T13:18:13","modified_gmt":"2026-04-02T11:18:13","slug":"erreichbarkeit-besucherandrang-fruehjahr2026-zaanseschans","status":"publish","type":"page","link":"https:\/\/www.dezaanseschans.nl\/de\/erreichbarkeit-besucherandrang-fruehjahr2026-zaanseschans\/","title":{"rendered":"Erwarteter Andrang w\u00e4hrend Ostern, des Blumenkorsos, Christi Himmelfahrt und Pfingsten an der Zaanse Schans"},"content":{"rendered":"\t\t<div data-elementor-type=\"wp-page\" data-elementor-id=\"20727\" class=\"elementor elementor-20727 elementor-20634\" data-elementor-post-type=\"page\">\n\t\t\t\t<div class=\"elementor-element elementor-element-69a5623 e-flex e-con-boxed e-con e-parent\" data-id=\"69a5623\" data-element_type=\"container\" data-e-type=\"container\" data-settings=\"{&quot;background_background&quot;:&quot;classic&quot;}\">\n\t\t\t\t\t<div class=\"e-con-inner\">\n\t\t<div class=\"elementor-element elementor-element-b3501a7 e-con-full e-flex e-con e-child\" data-id=\"b3501a7\" data-element_type=\"container\" data-e-type=\"container\">\n\t\t\t\t<div class=\"elementor-element elementor-element-1f84418 elementor-widget elementor-widget-heading\" data-id=\"1f84418\" data-element_type=\"widget\" data-e-type=\"widget\" data-widget_type=\"heading.default\">\n\t\t\t\t<div class=\"elementor-widget-container\">\n\t\t\t\t\t<h1 class=\"elementor-heading-title elementor-size-default\">Erreichbarkeit und Besucherandrang zu Ostern, beim Blumenkorso, an Christi Himmelfahrt und zu Pfingsten 2026<\/h1>\t\t\t\t<\/div>\n\t\t\t\t<\/div>\n\t\t\t\t<div class=\"elementor-element elementor-element-65cc159 elementor-widget elementor-widget-text-editor\" data-id=\"65cc159\" data-element_type=\"widget\" data-e-type=\"widget\" data-widget_type=\"text-editor.default\">\n\t\t\t\t<div class=\"elementor-widget-container\">\n\t\t\t\t\t\t\t\t\t<p>Die Zaanse Schans ist ein vielbesuchtes Ausflugsziel, vor allem im Fr\u00fchling und an Feiertagen.<\/p><p>An stark frequentierten Tagen ist der Parkplatz schnell voll. Wenn Sie Ihre Anreise im Voraus planen, vermeiden Sie Wartezeiten und k\u00f6nnen Ihren Besuch entspannt beginnen.<\/p>\t\t\t\t\t\t\t\t<\/div>\n\t\t\t\t<\/div>\n\t\t\t\t<\/div>\n\t\t<div class=\"elementor-element elementor-element-4e89ee6 e-con-full e-flex e-con e-child\" data-id=\"4e89ee6\" data-element_type=\"container\" data-e-type=\"container\">\n\t\t\t\t<div class=\"elementor-element elementor-element-1613de7 elementor-hidden-mobile elementor-widget elementor-widget-image\" data-id=\"1613de7\" data-element_type=\"widget\" data-e-type=\"widget\" data-widget_type=\"image.default\">\n\t\t\t\t<div class=\"elementor-widget-container\">\n\t\t\t\t\t\t\t\t\t\t\t\t\t\t\t<img fetchpriority=\"high\" decoding=\"async\" width=\"2560\" height=\"1707\" src=\"https:\/\/www.dezaanseschans.nl\/wp-content\/uploads\/2026\/03\/ZaanscheSchans-zomer-ZEB-12-scaled.jpg\" class=\"attachment-full size-full wp-image-20641\" alt=\"\" srcset=\"https:\/\/www.dezaanseschans.nl\/wp-content\/uploads\/2026\/03\/ZaanscheSchans-zomer-ZEB-12-200x133.jpg 200w, https:\/\/www.dezaanseschans.nl\/wp-content\/uploads\/2026\/03\/ZaanscheSchans-zomer-ZEB-12-300x200.jpg 300w, https:\/\/www.dezaanseschans.nl\/wp-content\/uploads\/2026\/03\/ZaanscheSchans-zomer-ZEB-12-400x267.jpg 400w, https:\/\/www.dezaanseschans.nl\/wp-content\/uploads\/2026\/03\/ZaanscheSchans-zomer-ZEB-12-600x400.jpg 600w, https:\/\/www.dezaanseschans.nl\/wp-content\/uploads\/2026\/03\/ZaanscheSchans-zomer-ZEB-12-768x512.jpg 768w, https:\/\/www.dezaanseschans.nl\/wp-content\/uploads\/2026\/03\/ZaanscheSchans-zomer-ZEB-12-800x533.jpg 800w, https:\/\/www.dezaanseschans.nl\/wp-content\/uploads\/2026\/03\/ZaanscheSchans-zomer-ZEB-12-1024x683.jpg 1024w, https:\/\/www.dezaanseschans.nl\/wp-content\/uploads\/2026\/03\/ZaanscheSchans-zomer-ZEB-12-1200x800.jpg 1200w, https:\/\/www.dezaanseschans.nl\/wp-content\/uploads\/2026\/03\/ZaanscheSchans-zomer-ZEB-12-1536x1024.jpg 1536w, https:\/\/www.dezaanseschans.nl\/wp-content\/uploads\/2026\/03\/ZaanscheSchans-zomer-ZEB-12-scaled.jpg 2560w\" sizes=\"(max-width: 2560px) 100vw, 2560px\" \/>\t\t\t\t\t\t\t\t\t\t\t\t\t\t\t<\/div>\n\t\t\t\t<\/div>\n\t\t\t\t<\/div>\n\t\t\t\t\t<\/div>\n\t\t\t\t<\/div>\n\t\t<div class=\"elementor-element elementor-element-26db38d e-flex e-con-boxed e-con e-parent\" data-id=\"26db38d\" data-element_type=\"container\" data-e-type=\"container\">\n\t\t\t\t\t<div class=\"e-con-inner\">\n\t\t<div class=\"elementor-element elementor-element-e642541 e-con-full e-flex e-con e-child\" data-id=\"e642541\" data-element_type=\"container\" data-e-type=\"container\">\n\t\t\t\t<div class=\"elementor-element elementor-element-6e35d4e elementor-widget elementor-widget-heading\" data-id=\"6e35d4e\" data-element_type=\"widget\" data-e-type=\"widget\" data-widget_type=\"heading.default\">\n\t\t\t\t<div class=\"elementor-widget-container\">\n\t\t\t\t\t<h2 class=\"elementor-heading-title elementor-size-default\">Erreichbarkeit &amp; Besucherandrang im Fr\u00fchjahr 2026<\/h2>\t\t\t\t<\/div>\n\t\t\t\t<\/div>\n\t\t\t\t<div class=\"elementor-element elementor-element-e4756cd elementor-widget elementor-widget-text-editor\" data-id=\"e4756cd\" data-element_type=\"widget\" data-e-type=\"widget\" data-widget_type=\"text-editor.default\">\n\t\t\t\t<div class=\"elementor-widget-container\">\n\t\t\t\t\t\t\t\t\t<p>Die Zaanse Schans ist ein vielbesuchtes Ausflugsziel, vor allem im Fr\u00fchling und an Feiertagen. An stark frequentierten Tagen ist der Parkplatz der Zaanse Schans schnell voll. Wenn Sie Ihre Anreise im Voraus planen, vermeiden Sie Wartezeiten und k\u00f6nnen Ihren Besuch entspannt beginnen.<\/p><p>Zu erwartender Andrang:<\/p><ul><li>Ostern<\/li><li>Blumenkorso<\/li><li>Christi Himmelfahrt<\/li><li>Pfingsten<\/li><\/ul><p><strong>\u00d6ffentliche Verkehrsmittel:<\/strong><br \/>Die Buslinien 800 und 801 von Meerplus halten direkt am Zaans Museum. Mit dem Zug k\u00f6nnen Sie bis zum Bahnhof Zaanse Schans fahren. Von dort sind es etwa 10 Minuten zu Fu\u00df. Planen Sie Ihre Reise \u00fcber <a href=\"https:\/\/www.meerplus.nl\/\" target=\"_blank\" rel=\"noopener\">www.meerplus.nl<\/a> oder \u00fcber den Reiseplaner der <a href=\"https:\/\/www.ns.nl\/en\" target=\"_blank\" rel=\"noopener\">NS<\/a>.<\/p><p><strong>Auto:<\/strong><br \/>Es stehen Parkpl\u00e4tze zur Verf\u00fcgung, die Kapazit\u00e4t ist jedoch begrenzt. Der Parkplatz ist an stark frequentierten Tagen schnell voll.<\/p><p><strong>Alternative:<\/strong><\/p><p>P+R Zaandam<br \/>P+R Amsterdam Bijlmer ArenA<br \/>P+R Amsterdam RAI<br \/>Wichtig:<\/p><p>Das Parken entlang der Provinzstra\u00dfe (N515) ist nicht gestattet und wird aktiv kontrolliert.<\/p><p>Gemeinsam sorgen wir f\u00fcr eine sichere und gut erreichbare Umgebung<\/p>\t\t\t\t\t\t\t\t<\/div>\n\t\t\t\t<\/div>\n\t\t\t\t<\/div>\n\t\t\t\t\t<\/div>\n\t\t\t\t<\/div>\n\t\t\t\t<\/div>\n\t\t","protected":false},"excerpt":{"rendered":"<p>Erreichbarkeit und Besucherandrang zu Ostern, beim Blumenkorso, an Christi Himmelfahrt und zu Pfingsten 2026 Die Zaanse Schans ist ein vielbesuchtes Ausflugsziel, vor allem im Fr\u00fchling und an Feiertagen. An stark frequentierten Tagen ist der Parkplatz schnell voll. Wenn Sie Ihre Anreise im Voraus planen, vermeiden Sie Wartezeiten und k\u00f6nnen Ihren Besuch entspannt beginnen. Erreichbarkeit &amp; <a href=\"https:\/\/www.dezaanseschans.nl\/de\/erreichbarkeit-besucherandrang-fruehjahr2026-zaanseschans\/\"> [&#8230;]<\/a><\/p>\n","protected":false},"author":14,"featured_media":0,"parent":0,"menu_order":0,"comment_status":"closed","ping_status":"closed","template":"","meta":{"_acf_changed":false,"footnotes":""},"class_list":["post-20727","page","type-page","status-publish","hentry"],"acf":[],"yoast_head":"<!-- This site is optimized with the Yoast SEO Premium plugin v27.4 (Yoast SEO v27.4) - https:\/\/yoast.com\/product\/yoast-seo-premium-wordpress\/ -->\n<title>Erwarteter Andrang w\u00e4hrend Ostern, des Blumenkorsos, Christi Himmelfahrt und Pfingsten an der Zaanse Schans - De Zaanse Schans<\/title>\n<meta name=\"description\" content=\"Zu Ostern, beim Blumenkorso, an Christi Himmelfahrt und zu Pfingsten ist auf der Zaanse Schans mit hohem Besucheraufkommen zu rechnen.\" \/>\n<meta name=\"robots\" content=\"index, follow, max-snippet:-1, max-image-preview:large, max-video-preview:-1\" \/>\n<link rel=\"canonical\" href=\"https:\/\/www.dezaanseschans.nl\/de\/erreichbarkeit-besucherandrang-fruehjahr2026-zaanseschans\/\" \/>\n<meta property=\"og:locale\" content=\"de_DE\" \/>\n<meta property=\"og:type\" content=\"article\" \/>\n<meta property=\"og:title\" content=\"Erwarteter Andrang w\u00e4hrend Ostern, des Blumenkorsos, Christi Himmelfahrt und Pfingsten an der Zaanse Schans\" \/>\n<meta property=\"og:description\" content=\"Zu Ostern, beim Blumenkorso, an Christi Himmelfahrt und zu Pfingsten ist auf der Zaanse Schans mit hohem Besucheraufkommen zu rechnen.\" \/>\n<meta property=\"og:url\" content=\"https:\/\/www.dezaanseschans.nl\/de\/erreichbarkeit-besucherandrang-fruehjahr2026-zaanseschans\/\" \/>\n<meta property=\"og:site_name\" content=\"De Zaanse Schans\" \/>\n<meta property=\"article:modified_time\" content=\"2026-04-02T11:18:13+00:00\" \/>\n<meta property=\"og:image\" content=\"https:\/\/www.dezaanseschans.nl\/wp-content\/uploads\/2026\/03\/ZaanscheSchans-zomer-ZEB-12-scaled.jpg\" \/>\n\t<meta property=\"og:image:width\" content=\"2560\" \/>\n\t<meta property=\"og:image:height\" content=\"1707\" \/>\n\t<meta property=\"og:image:type\" content=\"image\/jpeg\" \/>\n<meta name=\"twitter:card\" content=\"summary_large_image\" \/>\n<meta name=\"twitter:label1\" content=\"Gesch\u00e4tzte Lesezeit\" \/>\n\t<meta name=\"twitter:data1\" content=\"1\u00a0Minute\" \/>\n<script type=\"application\/ld+json\" class=\"yoast-schema-graph\">{\"@context\":\"https:\\\/\\\/schema.org\",\"@graph\":[{\"@type\":\"WebPage\",\"@id\":\"https:\\\/\\\/www.dezaanseschans.nl\\\/de\\\/erreichbarkeit-besucherandrang-fruehjahr2026-zaanseschans\\\/\",\"url\":\"https:\\\/\\\/www.dezaanseschans.nl\\\/de\\\/erreichbarkeit-besucherandrang-fruehjahr2026-zaanseschans\\\/\",\"name\":\"Erwarteter Andrang w\u00e4hrend Ostern, des Blumenkorsos, Christi Himmelfahrt und Pfingsten an der Zaanse Schans - De Zaanse Schans\",\"isPartOf\":{\"@id\":\"https:\\\/\\\/www.dezaanseschans.nl\\\/#website\"},\"primaryImageOfPage\":{\"@id\":\"https:\\\/\\\/www.dezaanseschans.nl\\\/de\\\/erreichbarkeit-besucherandrang-fruehjahr2026-zaanseschans\\\/#primaryimage\"},\"image\":{\"@id\":\"https:\\\/\\\/www.dezaanseschans.nl\\\/de\\\/erreichbarkeit-besucherandrang-fruehjahr2026-zaanseschans\\\/#primaryimage\"},\"thumbnailUrl\":\"https:\\\/\\\/www.dezaanseschans.nl\\\/wp-content\\\/uploads\\\/2026\\\/03\\\/ZaanscheSchans-zomer-ZEB-12-scaled.jpg\",\"datePublished\":\"2026-03-30T10:05:38+00:00\",\"dateModified\":\"2026-04-02T11:18:13+00:00\",\"description\":\"Zu Ostern, beim Blumenkorso, an Christi Himmelfahrt und zu Pfingsten ist auf der Zaanse Schans mit hohem Besucheraufkommen zu rechnen.\",\"breadcrumb\":{\"@id\":\"https:\\\/\\\/www.dezaanseschans.nl\\\/de\\\/erreichbarkeit-besucherandrang-fruehjahr2026-zaanseschans\\\/#breadcrumb\"},\"inLanguage\":\"de\",\"potentialAction\":[{\"@type\":\"ReadAction\",\"target\":[\"https:\\\/\\\/www.dezaanseschans.nl\\\/de\\\/erreichbarkeit-besucherandrang-fruehjahr2026-zaanseschans\\\/\"]}]},{\"@type\":\"ImageObject\",\"inLanguage\":\"de\",\"@id\":\"https:\\\/\\\/www.dezaanseschans.nl\\\/de\\\/erreichbarkeit-besucherandrang-fruehjahr2026-zaanseschans\\\/#primaryimage\",\"url\":\"https:\\\/\\\/www.dezaanseschans.nl\\\/wp-content\\\/uploads\\\/2026\\\/03\\\/ZaanscheSchans-zomer-ZEB-12-scaled.jpg\",\"contentUrl\":\"https:\\\/\\\/www.dezaanseschans.nl\\\/wp-content\\\/uploads\\\/2026\\\/03\\\/ZaanscheSchans-zomer-ZEB-12-scaled.jpg\"},{\"@type\":\"BreadcrumbList\",\"@id\":\"https:\\\/\\\/www.dezaanseschans.nl\\\/de\\\/erreichbarkeit-besucherandrang-fruehjahr2026-zaanseschans\\\/#breadcrumb\",\"itemListElement\":[{\"@type\":\"ListItem\",\"position\":1,\"name\":\"Home\",\"item\":\"https:\\\/\\\/www.dezaanseschans.nl\\\/\"},{\"@type\":\"ListItem\",\"position\":2,\"name\":\"Erwarteter Andrang w\u00e4hrend Ostern, des Blumenkorsos, Christi Himmelfahrt und Pfingsten an der Zaanse Schans\"}]},{\"@type\":\"WebSite\",\"@id\":\"https:\\\/\\\/www.dezaanseschans.nl\\\/#website\",\"url\":\"https:\\\/\\\/www.dezaanseschans.nl\\\/\",\"name\":\"De Zaanse Schans\",\"description\":\"\",\"potentialAction\":[{\"@type\":\"SearchAction\",\"target\":{\"@type\":\"EntryPoint\",\"urlTemplate\":\"https:\\\/\\\/www.dezaanseschans.nl\\\/?s={search_term_string}\"},\"query-input\":{\"@type\":\"PropertyValueSpecification\",\"valueRequired\":true,\"valueName\":\"search_term_string\"}}],\"inLanguage\":\"de\"}]}<\/script>\n<!-- \/ Yoast SEO Premium plugin. -->","yoast_head_json":{"title":"Erwarteter Andrang w\u00e4hrend Ostern, des Blumenkorsos, Christi Himmelfahrt und Pfingsten an der Zaanse Schans - De Zaanse Schans","description":"Zu Ostern, beim Blumenkorso, an Christi Himmelfahrt und zu Pfingsten ist auf der Zaanse Schans mit hohem Besucheraufkommen zu rechnen.","robots":{"index":"index","follow":"follow","max-snippet":"max-snippet:-1","max-image-preview":"max-image-preview:large","max-video-preview":"max-video-preview:-1"},"canonical":"https:\/\/www.dezaanseschans.nl\/de\/erreichbarkeit-besucherandrang-fruehjahr2026-zaanseschans\/","og_locale":"de_DE","og_type":"article","og_title":"Erwarteter Andrang w\u00e4hrend Ostern, des Blumenkorsos, Christi Himmelfahrt und Pfingsten an der Zaanse Schans","og_description":"Zu Ostern, beim Blumenkorso, an Christi Himmelfahrt und zu Pfingsten ist auf der Zaanse Schans mit hohem Besucheraufkommen zu rechnen.","og_url":"https:\/\/www.dezaanseschans.nl\/de\/erreichbarkeit-besucherandrang-fruehjahr2026-zaanseschans\/","og_site_name":"De Zaanse Schans","article_modified_time":"2026-04-02T11:18:13+00:00","og_image":[{"width":2560,"height":1707,"url":"https:\/\/www.dezaanseschans.nl\/wp-content\/uploads\/2026\/03\/ZaanscheSchans-zomer-ZEB-12-scaled.jpg","type":"image\/jpeg"}],"twitter_card":"summary_large_image","twitter_misc":{"Gesch\u00e4tzte Lesezeit":"1\u00a0Minute"},"schema":{"@context":"https:\/\/schema.org","@graph":[{"@type":"WebPage","@id":"https:\/\/www.dezaanseschans.nl\/de\/erreichbarkeit-besucherandrang-fruehjahr2026-zaanseschans\/","url":"https:\/\/www.dezaanseschans.nl\/de\/erreichbarkeit-besucherandrang-fruehjahr2026-zaanseschans\/","name":"Erwarteter Andrang w\u00e4hrend Ostern, des Blumenkorsos, Christi Himmelfahrt und Pfingsten an der Zaanse Schans - De Zaanse Schans","isPartOf":{"@id":"https:\/\/www.dezaanseschans.nl\/#website"},"primaryImageOfPage":{"@id":"https:\/\/www.dezaanseschans.nl\/de\/erreichbarkeit-besucherandrang-fruehjahr2026-zaanseschans\/#primaryimage"},"image":{"@id":"https:\/\/www.dezaanseschans.nl\/de\/erreichbarkeit-besucherandrang-fruehjahr2026-zaanseschans\/#primaryimage"},"thumbnailUrl":"https:\/\/www.dezaanseschans.nl\/wp-content\/uploads\/2026\/03\/ZaanscheSchans-zomer-ZEB-12-scaled.jpg","datePublished":"2026-03-30T10:05:38+00:00","dateModified":"2026-04-02T11:18:13+00:00","description":"Zu Ostern, beim Blumenkorso, an Christi Himmelfahrt und zu Pfingsten ist auf der Zaanse Schans mit hohem Besucheraufkommen zu rechnen.","breadcrumb":{"@id":"https:\/\/www.dezaanseschans.nl\/de\/erreichbarkeit-besucherandrang-fruehjahr2026-zaanseschans\/#breadcrumb"},"inLanguage":"de","potentialAction":[{"@type":"ReadAction","target":["https:\/\/www.dezaanseschans.nl\/de\/erreichbarkeit-besucherandrang-fruehjahr2026-zaanseschans\/"]}]},{"@type":"ImageObject","inLanguage":"de","@id":"https:\/\/www.dezaanseschans.nl\/de\/erreichbarkeit-besucherandrang-fruehjahr2026-zaanseschans\/#primaryimage","url":"https:\/\/www.dezaanseschans.nl\/wp-content\/uploads\/2026\/03\/ZaanscheSchans-zomer-ZEB-12-scaled.jpg","contentUrl":"https:\/\/www.dezaanseschans.nl\/wp-content\/uploads\/2026\/03\/ZaanscheSchans-zomer-ZEB-12-scaled.jpg"},{"@type":"BreadcrumbList","@id":"https:\/\/www.dezaanseschans.nl\/de\/erreichbarkeit-besucherandrang-fruehjahr2026-zaanseschans\/#breadcrumb","itemListElement":[{"@type":"ListItem","position":1,"name":"Home","item":"https:\/\/www.dezaanseschans.nl\/"},{"@type":"ListItem","position":2,"name":"Erwarteter Andrang w\u00e4hrend Ostern, des Blumenkorsos, Christi Himmelfahrt und Pfingsten an der Zaanse Schans"}]},{"@type":"WebSite","@id":"https:\/\/www.dezaanseschans.nl\/#website","url":"https:\/\/www.dezaanseschans.nl\/","name":"De Zaanse Schans","description":"","potentialAction":[{"@type":"SearchAction","target":{"@type":"EntryPoint","urlTemplate":"https:\/\/www.dezaanseschans.nl\/?s={search_term_string}"},"query-input":{"@type":"PropertyValueSpecification","valueRequired":true,"valueName":"search_term_string"}}],"inLanguage":"de"}]}},"_links":{"self":[{"href":"https:\/\/www.dezaanseschans.nl\/de\/wp-json\/wp\/v2\/pages\/20727","targetHints":{"allow":["GET"]}}],"collection":[{"href":"https:\/\/www.dezaanseschans.nl\/de\/wp-json\/wp\/v2\/pages"}],"about":[{"href":"https:\/\/www.dezaanseschans.nl\/de\/wp-json\/wp\/v2\/types\/page"}],"author":[{"embeddable":true,"href":"https:\/\/www.dezaanseschans.nl\/de\/wp-json\/wp\/v2\/users\/14"}],"replies":[{"embeddable":true,"href":"https:\/\/www.dezaanseschans.nl\/de\/wp-json\/wp\/v2\/comments?post=20727"}],"version-history":[{"count":7,"href":"https:\/\/www.dezaanseschans.nl\/de\/wp-json\/wp\/v2\/pages\/20727\/revisions"}],"predecessor-version":[{"id":20768,"href":"https:\/\/www.dezaanseschans.nl\/de\/wp-json\/wp\/v2\/pages\/20727\/revisions\/20768"}],"wp:attachment":[{"href":"https:\/\/www.dezaanseschans.nl\/de\/wp-json\/wp\/v2\/media?parent=20727"}],"curies":[{"name":"wp","href":"https:\/\/api.w.org\/{rel}","templated":true}]}}